{"id":3265,"date":"2021-02-07T18:12:44","date_gmt":"2021-02-07T18:12:44","guid":{"rendered":"https:\/\/eyecatchercreations.nl\/?post_type=product&#038;p=3265"},"modified":"2021-05-04T15:35:08","modified_gmt":"2021-05-04T15:35:08","slug":"tario-2","status":"publish","type":"product","link":"https:\/\/eyecatchercreations.nl\/?product=tario-2","title":{"rendered":"Tario"},"content":{"rendered":"","protected":false},"excerpt":{"rendered":"<p>Was kann es sch\u00f6neres geben als im Schnee zu spielen? Mit seinem gro\u00dfen Vorbild Tarian \u00fcbt er wann immer es geht das verstecken und anpierschen. Oder sie tollen einfach umher.<\/p>\n","protected":false},"featured_media":3269,"comment_status":"open","ping_status":"closed","template":"","meta":[],"_links":{"self":[{"href":"https:\/\/eyecatchercreations.nl\/index.php?rest_route=\/wp\/v2\/product\/3265"}],"collection":[{"href":"https:\/\/eyecatchercreations.nl\/index.php?rest_route=\/wp\/v2\/product"}],"about":[{"href":"https:\/\/eyecatchercreations.nl\/index.php?rest_route=\/wp\/v2\/types\/product"}],"replies":[{"embeddable":true,"href":"https:\/\/eyecatchercreations.nl\/index.php?rest_route=%2Fwp%2Fv2%2Fcomments&post=3265"}],"wp:featuredmedia":[{"embeddable":true,"href":"https:\/\/eyecatchercreations.nl\/index.php?rest_route=\/wp\/v2\/media\/3269"}],"wp:attachment":[{"href":"https:\/\/eyecatchercreations.nl\/index.php?rest_route=%2Fwp%2Fv2%2Fmedia&parent=3265"}],"curies":[{"name":"wp","href":"https:\/\/api.w.org\/{rel}","templated":true}]}}