{"id":3253,"date":"2021-02-07T15:57:16","date_gmt":"2021-02-07T15:57:16","guid":{"rendered":"https:\/\/eyecatchercreations.nl\/?post_type=product&#038;p=3253"},"modified":"2021-02-07T15:57:16","modified_gmt":"2021-02-07T15:57:16","slug":"greifpaerchen","status":"publish","type":"product","link":"https:\/\/eyecatchercreations.nl\/?product=greifpaerchen","title":{"rendered":"Greifp\u00e4rchen"},"content":{"rendered":"","protected":false},"excerpt":{"rendered":"<p>Die Schw\u00e4nze dieses Greifp\u00e4rchens greifen perfekt ineienander. Du kannst dir also aussuchen, ob du sie einzeln oder zusammen aufstellen m\u00f6chtest.<\/p>\n","protected":false},"featured_media":3237,"comment_status":"open","ping_status":"closed","template":"","meta":[],"_links":{"self":[{"href":"https:\/\/eyecatchercreations.nl\/index.php?rest_route=\/wp\/v2\/product\/3253"}],"collection":[{"href":"https:\/\/eyecatchercreations.nl\/index.php?rest_route=\/wp\/v2\/product"}],"about":[{"href":"https:\/\/eyecatchercreations.nl\/index.php?rest_route=\/wp\/v2\/types\/product"}],"replies":[{"embeddable":true,"href":"https:\/\/eyecatchercreations.nl\/index.php?rest_route=%2Fwp%2Fv2%2Fcomments&post=3253"}],"wp:featuredmedia":[{"embeddable":true,"href":"https:\/\/eyecatchercreations.nl\/index.php?rest_route=\/wp\/v2\/media\/3237"}],"wp:attachment":[{"href":"https:\/\/eyecatchercreations.nl\/index.php?rest_route=%2Fwp%2Fv2%2Fmedia&parent=3253"}],"curies":[{"name":"wp","href":"https:\/\/api.w.org\/{rel}","templated":true}]}}