{"id":3189,"date":"2020-10-26T20:07:27","date_gmt":"2020-10-26T20:07:27","guid":{"rendered":"https:\/\/eyecatchercreations.nl\/?post_type=product&#038;p=3189"},"modified":"2020-10-26T20:07:27","modified_gmt":"2020-10-26T20:07:27","slug":"kleiner-roter-taschenmonster-anhaenger","status":"publish","type":"product","link":"https:\/\/eyecatchercreations.nl\/?product=kleiner-roter-taschenmonster-anhaenger","title":{"rendered":"Kleiner roter Taschenmonster Anh\u00e4nger"},"content":{"rendered":"","protected":false},"excerpt":{"rendered":"<p>Kleiner Fan Art Anh\u00e4nger. Inkl Schl\u00fcsselring<\/p>\n","protected":false},"featured_media":3187,"comment_status":"open","ping_status":"closed","template":"","meta":[],"_links":{"self":[{"href":"https:\/\/eyecatchercreations.nl\/index.php?rest_route=\/wp\/v2\/product\/3189"}],"collection":[{"href":"https:\/\/eyecatchercreations.nl\/index.php?rest_route=\/wp\/v2\/product"}],"about":[{"href":"https:\/\/eyecatchercreations.nl\/index.php?rest_route=\/wp\/v2\/types\/product"}],"replies":[{"embeddable":true,"href":"https:\/\/eyecatchercreations.nl\/index.php?rest_route=%2Fwp%2Fv2%2Fcomments&post=3189"}],"wp:featuredmedia":[{"embeddable":true,"href":"https:\/\/eyecatchercreations.nl\/index.php?rest_route=\/wp\/v2\/media\/3187"}],"wp:attachment":[{"href":"https:\/\/eyecatchercreations.nl\/index.php?rest_route=%2Fwp%2Fv2%2Fmedia&parent=3189"}],"curies":[{"name":"wp","href":"https:\/\/api.w.org\/{rel}","templated":true}]}}