{"id":3174,"date":"2020-10-26T19:50:45","date_gmt":"2020-10-26T19:50:45","guid":{"rendered":"https:\/\/eyecatchercreations.nl\/?post_type=product&#038;p=3174"},"modified":"2021-05-04T15:48:03","modified_gmt":"2021-05-04T15:48:03","slug":"gelber-taschenmonster-anhaenger","status":"publish","type":"product","link":"https:\/\/eyecatchercreations.nl\/?product=gelber-taschenmonster-anhaenger","title":{"rendered":"Gelber Taschenmonster Anh\u00e4nger"},"content":{"rendered":"","protected":false},"excerpt":{"rendered":"<p>Kleiner Fan Art Anh\u00e4nger. Inkl Schl\u00fcsselring.<\/p>\n","protected":false},"featured_media":3126,"comment_status":"open","ping_status":"closed","template":"","meta":[],"_links":{"self":[{"href":"https:\/\/eyecatchercreations.nl\/index.php?rest_route=\/wp\/v2\/product\/3174"}],"collection":[{"href":"https:\/\/eyecatchercreations.nl\/index.php?rest_route=\/wp\/v2\/product"}],"about":[{"href":"https:\/\/eyecatchercreations.nl\/index.php?rest_route=\/wp\/v2\/types\/product"}],"replies":[{"embeddable":true,"href":"https:\/\/eyecatchercreations.nl\/index.php?rest_route=%2Fwp%2Fv2%2Fcomments&post=3174"}],"wp:featuredmedia":[{"embeddable":true,"href":"https:\/\/eyecatchercreations.nl\/index.php?rest_route=\/wp\/v2\/media\/3126"}],"wp:attachment":[{"href":"https:\/\/eyecatchercreations.nl\/index.php?rest_route=%2Fwp%2Fv2%2Fmedia&parent=3174"}],"curies":[{"name":"wp","href":"https:\/\/api.w.org\/{rel}","templated":true}]}}