{"id":3036,"date":"2020-06-22T16:33:28","date_gmt":"2020-06-22T16:33:28","guid":{"rendered":"https:\/\/eyecatchercreations.nl\/?post_type=product&#038;p=3036"},"modified":"2021-05-04T16:06:08","modified_gmt":"2021-05-04T16:06:08","slug":"adriel-2","status":"publish","type":"product","link":"https:\/\/eyecatchercreations.nl\/?product=adriel-2","title":{"rendered":"Adriel"},"content":{"rendered":"","protected":false},"excerpt":{"rendered":"<p>Nein ich bin nicht m\u00fcde. Wie so viele Kleinkinder w\u00fcrde Adriel niemals zugeben dass er m\u00fcde ist. Immer wieder fallen ihm die Augen zu und doch bleibt er dabei&#8230; gar nicht m\u00fcde.<\/p>\n","protected":false},"featured_media":3033,"comment_status":"open","ping_status":"closed","template":"","meta":[],"_links":{"self":[{"href":"https:\/\/eyecatchercreations.nl\/index.php?rest_route=\/wp\/v2\/product\/3036"}],"collection":[{"href":"https:\/\/eyecatchercreations.nl\/index.php?rest_route=\/wp\/v2\/product"}],"about":[{"href":"https:\/\/eyecatchercreations.nl\/index.php?rest_route=\/wp\/v2\/types\/product"}],"replies":[{"embeddable":true,"href":"https:\/\/eyecatchercreations.nl\/index.php?rest_route=%2Fwp%2Fv2%2Fcomments&post=3036"}],"wp:featuredmedia":[{"embeddable":true,"href":"https:\/\/eyecatchercreations.nl\/index.php?rest_route=\/wp\/v2\/media\/3033"}],"wp:attachment":[{"href":"https:\/\/eyecatchercreations.nl\/index.php?rest_route=%2Fwp%2Fv2%2Fmedia&parent=3036"}],"curies":[{"name":"wp","href":"https:\/\/api.w.org\/{rel}","templated":true}]}}