{"id":3022,"date":"2020-06-21T02:12:30","date_gmt":"2020-06-21T02:12:30","guid":{"rendered":"https:\/\/eyecatchercreations.nl\/?post_type=product&#038;p=3022"},"modified":"2024-01-31T20:15:12","modified_gmt":"2024-01-31T20:15:12","slug":"jupiter-3","status":"publish","type":"product","link":"https:\/\/eyecatchercreations.nl\/?product=jupiter-3","title":{"rendered":"Jupiter"},"content":{"rendered":"","protected":false},"excerpt":{"rendered":"<p>Jupiter ist der gr\u00f6\u00dfte Planet unseres Sonnensystems, aber er ist als Heimatplanet v\u00f6llig ungeeignet, weil er keine feste Oberfl\u00e4che hat und deshalb zu den Gasriesen geh\u00f6rt. Allerdings hat Jupiter 79 Monde und damit eine gro\u00dfe Vielfalt f\u00fcr die Ansiedlung von Greifen. Zudem besteht das Ringsystem aus winzigen schwarzen Teilchen, die Sonnenlicht zu schlucken scheinen. Ein gro\u00dfartiger Ort also, um Verstecken zu spielen.<\/p>\n","protected":false},"featured_media":3021,"comment_status":"open","ping_status":"closed","template":"","meta":[],"_links":{"self":[{"href":"https:\/\/eyecatchercreations.nl\/index.php?rest_route=\/wp\/v2\/product\/3022"}],"collection":[{"href":"https:\/\/eyecatchercreations.nl\/index.php?rest_route=\/wp\/v2\/product"}],"about":[{"href":"https:\/\/eyecatchercreations.nl\/index.php?rest_route=\/wp\/v2\/types\/product"}],"replies":[{"embeddable":true,"href":"https:\/\/eyecatchercreations.nl\/index.php?rest_route=%2Fwp%2Fv2%2Fcomments&post=3022"}],"wp:featuredmedia":[{"embeddable":true,"href":"https:\/\/eyecatchercreations.nl\/index.php?rest_route=\/wp\/v2\/media\/3021"}],"wp:attachment":[{"href":"https:\/\/eyecatchercreations.nl\/index.php?rest_route=%2Fwp%2Fv2%2Fmedia&parent=3022"}],"curies":[{"name":"wp","href":"https:\/\/api.w.org\/{rel}","templated":true}]}}