{"id":3018,"date":"2020-07-23T17:09:54","date_gmt":"2020-07-23T17:09:54","guid":{"rendered":"https:\/\/eyecatchercreations.nl\/?post_type=product&#038;p=3018"},"modified":"2021-05-04T16:04:22","modified_gmt":"2021-05-04T16:04:22","slug":"erde","status":"publish","type":"product","link":"https:\/\/eyecatchercreations.nl\/?product=erde","title":{"rendered":"Erde"},"content":{"rendered":"","protected":false},"excerpt":{"rendered":"<p>Was w\u00fcrden die Greife denken, wenn sie nach Hunderten von Jahren auf ihren Heimatplaneten zur\u00fcckkehren w\u00fcrden? W\u00fcrden sie einfach nur gl\u00fccklich sein, zur\u00fcckzukehren? Oder w\u00e4ren sie traurig dar\u00fcber, was man wir Menschen ihrer Heimat angetan hat?<\/p>\n","protected":false},"featured_media":3015,"comment_status":"open","ping_status":"closed","template":"","meta":[],"_links":{"self":[{"href":"https:\/\/eyecatchercreations.nl\/index.php?rest_route=\/wp\/v2\/product\/3018"}],"collection":[{"href":"https:\/\/eyecatchercreations.nl\/index.php?rest_route=\/wp\/v2\/product"}],"about":[{"href":"https:\/\/eyecatchercreations.nl\/index.php?rest_route=\/wp\/v2\/types\/product"}],"replies":[{"embeddable":true,"href":"https:\/\/eyecatchercreations.nl\/index.php?rest_route=%2Fwp%2Fv2%2Fcomments&post=3018"}],"wp:featuredmedia":[{"embeddable":true,"href":"https:\/\/eyecatchercreations.nl\/index.php?rest_route=\/wp\/v2\/media\/3015"}],"wp:attachment":[{"href":"https:\/\/eyecatchercreations.nl\/index.php?rest_route=%2Fwp%2Fv2%2Fmedia&parent=3018"}],"curies":[{"name":"wp","href":"https:\/\/api.w.org\/{rel}","templated":true}]}}