{"id":3012,"date":"2020-06-21T01:35:54","date_gmt":"2020-06-21T01:35:54","guid":{"rendered":"https:\/\/eyecatchercreations.nl\/?post_type=product&#038;p=3012"},"modified":"2021-05-04T16:12:12","modified_gmt":"2021-05-04T16:12:12","slug":"merkur","status":"publish","type":"product","link":"https:\/\/eyecatchercreations.nl\/?product=merkur","title":{"rendered":"Merkur"},"content":{"rendered":"","protected":false},"excerpt":{"rendered":"<p>Merkur geh\u00f6rt zu den erd\u00e4hnlichen Planeten und ist der kleinste unseres Sonnensystems und der Sonne am n\u00e4chsten gelegene Planet. Dort finden die st\u00e4rksten bekannten Temperaturschwankungen statt. Da sich die Greife nicht an die extreme Hitze der Tage gew\u00f6hnen konnten, haben sie sich an die N\u00e4chte angepasst. Im Gegensatz zu den Greifen, die auf dem Mars leben, wagen sie sich nur nachts aus ihren H\u00f6hlen heraus. Sie haben ein dickeres Fell und ein dichteres Gefieder. Mit ihren gro\u00dfen Augen sind sie in der Lage, nachts alles zu sehen. Manchmal, wenn sie das Sonnenlicht zu sehr vermissen, verstecken sie sich in einem der unz\u00e4hligen Krater und beobachten nur den Tag.<\/p>\n","protected":false},"featured_media":3008,"comment_status":"open","ping_status":"closed","template":"","meta":[],"_links":{"self":[{"href":"https:\/\/eyecatchercreations.nl\/index.php?rest_route=\/wp\/v2\/product\/3012"}],"collection":[{"href":"https:\/\/eyecatchercreations.nl\/index.php?rest_route=\/wp\/v2\/product"}],"about":[{"href":"https:\/\/eyecatchercreations.nl\/index.php?rest_route=\/wp\/v2\/types\/product"}],"replies":[{"embeddable":true,"href":"https:\/\/eyecatchercreations.nl\/index.php?rest_route=%2Fwp%2Fv2%2Fcomments&post=3012"}],"wp:featuredmedia":[{"embeddable":true,"href":"https:\/\/eyecatchercreations.nl\/index.php?rest_route=\/wp\/v2\/media\/3008"}],"wp:attachment":[{"href":"https:\/\/eyecatchercreations.nl\/index.php?rest_route=%2Fwp%2Fv2%2Fmedia&parent=3012"}],"curies":[{"name":"wp","href":"https:\/\/api.w.org\/{rel}","templated":true}]}}