{"id":3006,"date":"2020-06-21T01:11:49","date_gmt":"2020-06-21T01:11:49","guid":{"rendered":"https:\/\/eyecatchercreations.nl\/?post_type=product&#038;p=3006"},"modified":"2021-05-04T16:12:44","modified_gmt":"2021-05-04T16:12:44","slug":"saturn","status":"publish","type":"product","link":"https:\/\/eyecatchercreations.nl\/?product=saturn","title":{"rendered":"Saturn"},"content":{"rendered":"","protected":false},"excerpt":{"rendered":"<p>Der Saturn selbst w\u00e4re f\u00fcr die Greife wahrscheinlich nicht bewohnbar, da er einer der Gasriesen unseres Sonnensystems ist. Allerdings finden sie die Fels- und Eisbrocken seines Ringsystems sehr interessant. Die St\u00fccke sind so vielf\u00e4ltig. Es ist sogar m\u00f6glich, dass zwischen all den Steinchen Spuren der Erde zu finden sind.<\/p>\n","protected":false},"featured_media":3004,"comment_status":"open","ping_status":"closed","template":"","meta":[],"_links":{"self":[{"href":"https:\/\/eyecatchercreations.nl\/index.php?rest_route=\/wp\/v2\/product\/3006"}],"collection":[{"href":"https:\/\/eyecatchercreations.nl\/index.php?rest_route=\/wp\/v2\/product"}],"about":[{"href":"https:\/\/eyecatchercreations.nl\/index.php?rest_route=\/wp\/v2\/types\/product"}],"replies":[{"embeddable":true,"href":"https:\/\/eyecatchercreations.nl\/index.php?rest_route=%2Fwp%2Fv2%2Fcomments&post=3006"}],"wp:featuredmedia":[{"embeddable":true,"href":"https:\/\/eyecatchercreations.nl\/index.php?rest_route=\/wp\/v2\/media\/3004"}],"wp:attachment":[{"href":"https:\/\/eyecatchercreations.nl\/index.php?rest_route=%2Fwp%2Fv2%2Fmedia&parent=3006"}],"curies":[{"name":"wp","href":"https:\/\/api.w.org\/{rel}","templated":true}]}}