{"id":2985,"date":"2020-06-18T19:20:39","date_gmt":"2020-06-18T19:20:39","guid":{"rendered":"https:\/\/eyecatchercreations.nl\/?post_type=product&#038;p=2985"},"modified":"2021-05-04T16:15:20","modified_gmt":"2021-05-04T16:15:20","slug":"uranus-2","status":"publish","type":"product","link":"https:\/\/eyecatchercreations.nl\/?product=uranus-2","title":{"rendered":"Uranus"},"content":{"rendered":"","protected":false},"excerpt":{"rendered":"<p>Da Uranus zu den Eisriesen geh\u00f6rt und offenkundig fl\u00fcssig oder gasf\u00f6rmig ist, ist noch nicht klar, was die Greife zu diesem Planeten treibt. Vielleicht ziehen sie, wie auf Neptun, die Winde an. Au\u00dferdem hat einer der Monde namens Miranda 20 km tiefe Schluchten, und es ist bekannt, dass sie bei den Greifen sehr beliebt sind.<\/p>\n","protected":false},"featured_media":2984,"comment_status":"open","ping_status":"closed","template":"","meta":[],"_links":{"self":[{"href":"https:\/\/eyecatchercreations.nl\/index.php?rest_route=\/wp\/v2\/product\/2985"}],"collection":[{"href":"https:\/\/eyecatchercreations.nl\/index.php?rest_route=\/wp\/v2\/product"}],"about":[{"href":"https:\/\/eyecatchercreations.nl\/index.php?rest_route=\/wp\/v2\/types\/product"}],"replies":[{"embeddable":true,"href":"https:\/\/eyecatchercreations.nl\/index.php?rest_route=%2Fwp%2Fv2%2Fcomments&post=2985"}],"wp:featuredmedia":[{"embeddable":true,"href":"https:\/\/eyecatchercreations.nl\/index.php?rest_route=\/wp\/v2\/media\/2984"}],"wp:attachment":[{"href":"https:\/\/eyecatchercreations.nl\/index.php?rest_route=%2Fwp%2Fv2%2Fmedia&parent=2985"}],"curies":[{"name":"wp","href":"https:\/\/api.w.org\/{rel}","templated":true}]}}