{"id":2981,"date":"2020-06-16T18:14:57","date_gmt":"2020-06-16T18:14:57","guid":{"rendered":"https:\/\/eyecatchercreations.nl\/?post_type=product&#038;p=2981"},"modified":"2021-05-04T16:15:58","modified_gmt":"2021-05-04T16:15:58","slug":"aquani-3","status":"publish","type":"product","link":"https:\/\/eyecatchercreations.nl\/?product=aquani-3","title":{"rendered":"Aquani"},"content":{"rendered":"","protected":false},"excerpt":{"rendered":"<p>Aquani ist meist in der N\u00e4he von Gew\u00e4ssern zu finden. An den nahen Ufern von Fl\u00fcssen oder Seen oder am Strand findet sie einige Snacks und viel zum Entdecken und Spielen. Ihr Gefieder unterscheidet sich ein wenig von anderen. Sie halten die W\u00e4rme auf ihrer Haut und das Wasser von ihr fern. Wegen ihrer Flosse ist sie unter Wasser blitzschnell. Sie ist noch sehr jung, also sind ihre Fl\u00fcgel noch nicht voll entwickelt, aber das werden sie, und dann ist sie unfassbar.<\/p>\n","protected":false},"featured_media":2977,"comment_status":"open","ping_status":"closed","template":"","meta":[],"_links":{"self":[{"href":"https:\/\/eyecatchercreations.nl\/index.php?rest_route=\/wp\/v2\/product\/2981"}],"collection":[{"href":"https:\/\/eyecatchercreations.nl\/index.php?rest_route=\/wp\/v2\/product"}],"about":[{"href":"https:\/\/eyecatchercreations.nl\/index.php?rest_route=\/wp\/v2\/types\/product"}],"replies":[{"embeddable":true,"href":"https:\/\/eyecatchercreations.nl\/index.php?rest_route=%2Fwp%2Fv2%2Fcomments&post=2981"}],"wp:featuredmedia":[{"embeddable":true,"href":"https:\/\/eyecatchercreations.nl\/index.php?rest_route=\/wp\/v2\/media\/2977"}],"wp:attachment":[{"href":"https:\/\/eyecatchercreations.nl\/index.php?rest_route=%2Fwp%2Fv2%2Fmedia&parent=2981"}],"curies":[{"name":"wp","href":"https:\/\/api.w.org\/{rel}","templated":true}]}}