{"id":2972,"date":"2020-06-16T17:51:23","date_gmt":"2020-06-16T17:51:23","guid":{"rendered":"https:\/\/eyecatchercreations.nl\/?post_type=product&#038;p=2972"},"modified":"2021-05-04T16:17:26","modified_gmt":"2021-05-04T16:17:26","slug":"taran-2","status":"publish","type":"product","link":"https:\/\/eyecatchercreations.nl\/?product=taran-2","title":{"rendered":"Taran"},"content":{"rendered":"","protected":false},"excerpt":{"rendered":"<p>Taran ist ein Erd-Greif. Das bedeutet, dass er haupts\u00e4chlich auf dem Boden lebt. Er ist sehr schnell und seine kleinen H\u00f6rner helfen ihm, Steine aus dem Weg zu r\u00e4umen und sich gegen Gefahren zu verteidigen, die von anderen am Boden lebenden Kreaturen ausgehen.<\/p>\n","protected":false},"featured_media":2970,"comment_status":"open","ping_status":"closed","template":"","meta":[],"_links":{"self":[{"href":"https:\/\/eyecatchercreations.nl\/index.php?rest_route=\/wp\/v2\/product\/2972"}],"collection":[{"href":"https:\/\/eyecatchercreations.nl\/index.php?rest_route=\/wp\/v2\/product"}],"about":[{"href":"https:\/\/eyecatchercreations.nl\/index.php?rest_route=\/wp\/v2\/types\/product"}],"replies":[{"embeddable":true,"href":"https:\/\/eyecatchercreations.nl\/index.php?rest_route=%2Fwp%2Fv2%2Fcomments&post=2972"}],"wp:featuredmedia":[{"embeddable":true,"href":"https:\/\/eyecatchercreations.nl\/index.php?rest_route=\/wp\/v2\/media\/2970"}],"wp:attachment":[{"href":"https:\/\/eyecatchercreations.nl\/index.php?rest_route=%2Fwp%2Fv2%2Fmedia&parent=2972"}],"curies":[{"name":"wp","href":"https:\/\/api.w.org\/{rel}","templated":true}]}}