{"id":2967,"date":"2020-06-16T17:39:22","date_gmt":"2020-06-16T17:39:22","guid":{"rendered":"https:\/\/eyecatchercreations.nl\/?post_type=product&#038;p=2967"},"modified":"2021-05-04T16:17:44","modified_gmt":"2021-05-04T16:17:44","slug":"blaze-3","status":"publish","type":"product","link":"https:\/\/eyecatchercreations.nl\/?product=blaze-3","title":{"rendered":"Blaze"},"content":{"rendered":"","protected":false},"excerpt":{"rendered":"<p>Ich w\u00fcrde gerne mehr \u00fcber den kleinen Blaze erz\u00e4hlen, aber er ist immer noch so m\u00fcde und schl\u00e4frig, dass noch keine seiner F\u00e4higkeiten festgestellt werden konnten.<\/p>\n","protected":false},"featured_media":2964,"comment_status":"open","ping_status":"closed","template":"","meta":[],"_links":{"self":[{"href":"https:\/\/eyecatchercreations.nl\/index.php?rest_route=\/wp\/v2\/product\/2967"}],"collection":[{"href":"https:\/\/eyecatchercreations.nl\/index.php?rest_route=\/wp\/v2\/product"}],"about":[{"href":"https:\/\/eyecatchercreations.nl\/index.php?rest_route=\/wp\/v2\/types\/product"}],"replies":[{"embeddable":true,"href":"https:\/\/eyecatchercreations.nl\/index.php?rest_route=%2Fwp%2Fv2%2Fcomments&post=2967"}],"wp:featuredmedia":[{"embeddable":true,"href":"https:\/\/eyecatchercreations.nl\/index.php?rest_route=\/wp\/v2\/media\/2964"}],"wp:attachment":[{"href":"https:\/\/eyecatchercreations.nl\/index.php?rest_route=%2Fwp%2Fv2%2Fmedia&parent=2967"}],"curies":[{"name":"wp","href":"https:\/\/api.w.org\/{rel}","templated":true}]}}