{"id":2926,"date":"2020-06-12T16:55:31","date_gmt":"2020-06-12T16:55:31","guid":{"rendered":"https:\/\/eyecatchercreations.nl\/?post_type=product&#038;p=2926"},"modified":"2021-05-04T16:29:31","modified_gmt":"2021-05-04T16:29:31","slug":"avi-2","status":"publish","type":"product","link":"https:\/\/eyecatchercreations.nl\/?product=avi-2","title":{"rendered":"Avi"},"content":{"rendered":"","protected":false},"excerpt":{"rendered":"<p>Avi liebt es, in der Sonne zu chillen. Bitte seid leise. Zumindest im Moment&#8230; Kennst du den Moment, wenn du pl\u00f6tzlich wieder eine Blume bl\u00fchen siehst, die du abgeschrieben hattest? Nun, das ist es, was Avi macht. Er liebt es, dies zu tun, aber f\u00fcr den Moment ist es Zeit, sich zu entspannen.<\/p>\n","protected":false},"featured_media":2923,"comment_status":"open","ping_status":"closed","template":"","meta":[],"_links":{"self":[{"href":"https:\/\/eyecatchercreations.nl\/index.php?rest_route=\/wp\/v2\/product\/2926"}],"collection":[{"href":"https:\/\/eyecatchercreations.nl\/index.php?rest_route=\/wp\/v2\/product"}],"about":[{"href":"https:\/\/eyecatchercreations.nl\/index.php?rest_route=\/wp\/v2\/types\/product"}],"replies":[{"embeddable":true,"href":"https:\/\/eyecatchercreations.nl\/index.php?rest_route=%2Fwp%2Fv2%2Fcomments&post=2926"}],"wp:featuredmedia":[{"embeddable":true,"href":"https:\/\/eyecatchercreations.nl\/index.php?rest_route=\/wp\/v2\/media\/2923"}],"wp:attachment":[{"href":"https:\/\/eyecatchercreations.nl\/index.php?rest_route=%2Fwp%2Fv2%2Fmedia&parent=2926"}],"curies":[{"name":"wp","href":"https:\/\/api.w.org\/{rel}","templated":true}]}}