{"id":2918,"date":"2020-06-12T16:37:01","date_gmt":"2020-06-12T16:37:01","guid":{"rendered":"https:\/\/eyecatchercreations.nl\/?post_type=product&#038;p=2918"},"modified":"2021-05-04T16:30:06","modified_gmt":"2021-05-04T16:30:06","slug":"aja-2","status":"publish","type":"product","link":"https:\/\/eyecatchercreations.nl\/?product=aja-2","title":{"rendered":"Aja"},"content":{"rendered":"","protected":false},"excerpt":{"rendered":"<p>Aja liebt die Sonne. Leider h\u00e4lt er es in der prallen Sonne nicht sehr lange aus, wegen seines dunklen Gefieders wird sein Kopf sehr schnell zu hei\u00df. So zieht er sich schnell in den Schatten zur\u00fcck. Manchmal f\u00fchlt er sich ein wenig einsam, weil die meisten anderen lieber in der Sonne spielen. Blumen oder hohes Gras ist die perfekte L\u00f6sung, weil es nicht nur gut riecht, sondern auch ein wenig Schatten spendet.<\/p>\n","protected":false},"featured_media":2934,"comment_status":"open","ping_status":"closed","template":"","meta":[],"_links":{"self":[{"href":"https:\/\/eyecatchercreations.nl\/index.php?rest_route=\/wp\/v2\/product\/2918"}],"collection":[{"href":"https:\/\/eyecatchercreations.nl\/index.php?rest_route=\/wp\/v2\/product"}],"about":[{"href":"https:\/\/eyecatchercreations.nl\/index.php?rest_route=\/wp\/v2\/types\/product"}],"replies":[{"embeddable":true,"href":"https:\/\/eyecatchercreations.nl\/index.php?rest_route=%2Fwp%2Fv2%2Fcomments&post=2918"}],"wp:featuredmedia":[{"embeddable":true,"href":"https:\/\/eyecatchercreations.nl\/index.php?rest_route=\/wp\/v2\/media\/2934"}],"wp:attachment":[{"href":"https:\/\/eyecatchercreations.nl\/index.php?rest_route=%2Fwp%2Fv2%2Fmedia&parent=2918"}],"curies":[{"name":"wp","href":"https:\/\/api.w.org\/{rel}","templated":true}]}}