{"id":2846,"date":"2020-04-30T21:33:07","date_gmt":"2020-04-30T21:33:07","guid":{"rendered":"https:\/\/eyecatchercreations.nl\/?post_type=product&#038;p=2846"},"modified":"2021-05-04T16:35:18","modified_gmt":"2021-05-04T16:35:18","slug":"lukida-2","status":"publish","type":"product","link":"https:\/\/eyecatchercreations.nl\/?product=lukida-2","title":{"rendered":"Lukida"},"content":{"rendered":"","protected":false},"excerpt":{"rendered":"<p><span id=\"fbPhotoSnowliftCaption\" class=\"fbPhotosPhotoCaption\" tabindex=\"0\" aria-live=\"polite\" data-ft=\"{&quot;tn&quot;:&quot;K&quot;}\"><span class=\"hasCaption\">Es<span class=\"text_exposed_show\"> gibt keinen einfachen Weg von der Erde zu den Sternen. -Seneca-<br \/>\nGerade jetzt ist es schwierig, nach den Sternen zu greifen und unsere gr\u00f6\u00dferen Ziele nicht aus den Augen zu verlieren, da viele von uns von Tag zu Tag leben m\u00fcssen. Aber ein Blick zu den Sternen kann die Seele erhellen, nicht wahr? Er hilft mir von Zeit zu Zeit und Lukida hier erinnert mich daran<\/span><\/span><\/span><\/p>\n","protected":false},"featured_media":2842,"comment_status":"open","ping_status":"closed","template":"","meta":[],"_links":{"self":[{"href":"https:\/\/eyecatchercreations.nl\/index.php?rest_route=\/wp\/v2\/product\/2846"}],"collection":[{"href":"https:\/\/eyecatchercreations.nl\/index.php?rest_route=\/wp\/v2\/product"}],"about":[{"href":"https:\/\/eyecatchercreations.nl\/index.php?rest_route=\/wp\/v2\/types\/product"}],"replies":[{"embeddable":true,"href":"https:\/\/eyecatchercreations.nl\/index.php?rest_route=%2Fwp%2Fv2%2Fcomments&post=2846"}],"wp:featuredmedia":[{"embeddable":true,"href":"https:\/\/eyecatchercreations.nl\/index.php?rest_route=\/wp\/v2\/media\/2842"}],"wp:attachment":[{"href":"https:\/\/eyecatchercreations.nl\/index.php?rest_route=%2Fwp%2Fv2%2Fmedia&parent=2846"}],"curies":[{"name":"wp","href":"https:\/\/api.w.org\/{rel}","templated":true}]}}