{"id":2639,"date":"2019-12-19T13:35:50","date_gmt":"2019-12-19T13:35:50","guid":{"rendered":"https:\/\/eyecatchercreations.nl\/?post_type=product&#038;p=2639"},"modified":"2021-05-04T16:39:07","modified_gmt":"2021-05-04T16:39:07","slug":"iris-2","status":"publish","type":"product","link":"https:\/\/eyecatchercreations.nl\/?product=iris-2","title":{"rendered":"Iris"},"content":{"rendered":"","protected":false},"excerpt":{"rendered":"<p><span id=\"fbPhotoSnowliftCaption\" class=\"fbPhotosPhotoCaption\" tabindex=\"0\" aria-live=\"polite\" data-ft=\"{&quot;tn&quot;:&quot;K&quot;}\"><span class=\"hasCaption\">Woher kommen all die sch\u00f6nen Farben in und \u00fcber den Ozeanen? Nun, Iris ist nicht unbeteiligt. Der Kontrast zwischen Unwetter und Sonnenschein ist f\u00fcr sie besonders reizvoll, da hier die Regenb\u00f6gen entstehen. Vielleicht findest du sie also am Ende des Regenbogens \u00fcber dem Meer, sowie du einen Goblin an Land treffen kannst.<\/span><\/span><\/p>\n","protected":false},"featured_media":2638,"comment_status":"open","ping_status":"closed","template":"","meta":[],"_links":{"self":[{"href":"https:\/\/eyecatchercreations.nl\/index.php?rest_route=\/wp\/v2\/product\/2639"}],"collection":[{"href":"https:\/\/eyecatchercreations.nl\/index.php?rest_route=\/wp\/v2\/product"}],"about":[{"href":"https:\/\/eyecatchercreations.nl\/index.php?rest_route=\/wp\/v2\/types\/product"}],"replies":[{"embeddable":true,"href":"https:\/\/eyecatchercreations.nl\/index.php?rest_route=%2Fwp%2Fv2%2Fcomments&post=2639"}],"wp:featuredmedia":[{"embeddable":true,"href":"https:\/\/eyecatchercreations.nl\/index.php?rest_route=\/wp\/v2\/media\/2638"}],"wp:attachment":[{"href":"https:\/\/eyecatchercreations.nl\/index.php?rest_route=%2Fwp%2Fv2%2Fmedia&parent=2639"}],"curies":[{"name":"wp","href":"https:\/\/api.w.org\/{rel}","templated":true}]}}