{"id":1895,"date":"2019-02-19T21:28:18","date_gmt":"2019-02-19T21:28:18","guid":{"rendered":"https:\/\/eyecatcher-art.nl\/?post_type=product&#038;p=1895"},"modified":"2021-05-05T13:59:29","modified_gmt":"2021-05-05T13:59:29","slug":"einhorn-mondschein","status":"publish","type":"product","link":"https:\/\/eyecatchercreations.nl\/?product=einhorn-mondschein","title":{"rendered":"Einhorn &#8211; Mondschein"},"content":{"rendered":"<p>Dieses Einhorn habe ich aus Polymer Clay hergestellt. Die M\u00e4hne leuchtet im dunkeln.<\/p>\n<p>Es sitzt auf einem praktischen kleinen Metalldose. Perfekt um S\u00fc\u00dfigkeiten, Schmuck oder anderes aufzubewahren.<\/p>\n<p>Oder die Perfekte Verpackung f\u00fcr ein kleines Geschenk. So bekommen sogar die klassischen S\u00fc\u00dfigkeit eine ganz besondere Verpackung, ob f\u00fcr sich selbst oder als Mitbringsel zu Feiern oder Geburtstagen.<\/p>\n","protected":false},"excerpt":{"rendered":"<p>Dieser kleine hat beinah nur Flausen im Kopf. Meist wird er einfach Mo genannt oder h\u00e4ufiger noch gerufen. Er heckt st\u00e4ndig kleine Neckereien und Scherze aus. Wie man vielleicht vermuten kann ist er vor allem nachts aktiv. Sein leuchtendes Haar weist ihm den Weg, auch durch die finstersten N\u00e4chte.<\/p>\n<p>Nat\u00fcrlich hat dar kleine Schlingel nicht nur flausen im Kopf. Er hat auch ein gutes Herz und ist h\u00e4ufig damit besch\u00e4ftigt, diejenigen die sich bei Nacht verirren wieder nach Hause und in Sicherheit zu f\u00fchren.<\/p>\n","protected":false},"featured_media":1849,"comment_status":"open","ping_status":"closed","template":"","meta":[],"_links":{"self":[{"href":"https:\/\/eyecatchercreations.nl\/index.php?rest_route=\/wp\/v2\/product\/1895"}],"collection":[{"href":"https:\/\/eyecatchercreations.nl\/index.php?rest_route=\/wp\/v2\/product"}],"about":[{"href":"https:\/\/eyecatchercreations.nl\/index.php?rest_route=\/wp\/v2\/types\/product"}],"replies":[{"embeddable":true,"href":"https:\/\/eyecatchercreations.nl\/index.php?rest_route=%2Fwp%2Fv2%2Fcomments&post=1895"}],"wp:featuredmedia":[{"embeddable":true,"href":"https:\/\/eyecatchercreations.nl\/index.php?rest_route=\/wp\/v2\/media\/1849"}],"wp:attachment":[{"href":"https:\/\/eyecatchercreations.nl\/index.php?rest_route=%2Fwp%2Fv2%2Fmedia&parent=1895"}],"curies":[{"name":"wp","href":"https:\/\/api.w.org\/{rel}","templated":true}]}}