{"id":1661,"date":"2019-01-27T15:04:46","date_gmt":"2019-01-27T15:04:46","guid":{"rendered":"https:\/\/eyecatcher-art.nl\/?post_type=product&#038;p=1661"},"modified":"2019-01-27T15:04:46","modified_gmt":"2019-01-27T15:04:46","slug":"minis-goldene-libelle-7x7cm-staffelei","status":"publish","type":"product","link":"https:\/\/eyecatchercreations.nl\/?product=minis-goldene-libelle-7x7cm-staffelei","title":{"rendered":"Minis &#8211; Goldene Libelle &#8211; 7x7cm + Staffelei"},"content":{"rendered":"<p>Lieferung beinhaltet<\/p>\n<p>Mini Malerei 7x7cm<\/p>\n<p>passende Staffelei<\/p>\n","protected":false},"excerpt":{"rendered":"<p>Dieses kleine Bild wird sicher ein Pl\u00e4tzchen in deinem Zuhause finden. Mit seinen 7\u00d77 cm braucht es nicht viel Platz bleibt aber ein echter Eyecatcher. Die goldfarbigen Ornamente sorgen f\u00fcr eine besonders edle Wirkung.<\/p>\n","protected":false},"featured_media":1659,"comment_status":"open","ping_status":"closed","template":"","meta":[],"_links":{"self":[{"href":"https:\/\/eyecatchercreations.nl\/index.php?rest_route=\/wp\/v2\/product\/1661"}],"collection":[{"href":"https:\/\/eyecatchercreations.nl\/index.php?rest_route=\/wp\/v2\/product"}],"about":[{"href":"https:\/\/eyecatchercreations.nl\/index.php?rest_route=\/wp\/v2\/types\/product"}],"replies":[{"embeddable":true,"href":"https:\/\/eyecatchercreations.nl\/index.php?rest_route=%2Fwp%2Fv2%2Fcomments&post=1661"}],"wp:featuredmedia":[{"embeddable":true,"href":"https:\/\/eyecatchercreations.nl\/index.php?rest_route=\/wp\/v2\/media\/1659"}],"wp:attachment":[{"href":"https:\/\/eyecatchercreations.nl\/index.php?rest_route=%2Fwp%2Fv2%2Fmedia&parent=1661"}],"curies":[{"name":"wp","href":"https:\/\/api.w.org\/{rel}","templated":true}]}}