{"id":2263,"date":"2019-04-01T20:05:24","date_gmt":"2019-04-01T20:05:24","guid":{"rendered":"https:\/\/eyecatchercreations.nl\/?page_id=2263"},"modified":"2019-04-02T13:05:13","modified_gmt":"2019-04-02T13:05:13","slug":"just-another-light-2","status":"publish","type":"page","link":"https:\/\/eyecatchercreations.nl\/?page_id=2263","title":{"rendered":"Just another light"},"content":{"rendered":"\n<ul class=\"wp-block-gallery columns-3 is-cropped\"><li class=\"blocks-gallery-item\"><figure><img loading=\"lazy\" width=\"682\" height=\"1024\" src=\"https:\/\/eyecatchercreations.nl\/wp-content\/uploads\/2019\/04\/IMG_3218-1-682x1024.jpg\" alt=\"\" data-id=\"2330\" data-link=\"https:\/\/eyecatchercreations.nl\/?attachment_id=2330\" class=\"wp-image-2330\" srcset=\"https:\/\/eyecatchercreations.nl\/wp-content\/uploads\/2019\/04\/IMG_3218-1-682x1024.jpg 682w, https:\/\/eyecatchercreations.nl\/wp-content\/uploads\/2019\/04\/IMG_3218-1-200x300.jpg 200w, https:\/\/eyecatchercreations.nl\/wp-content\/uploads\/2019\/04\/IMG_3218-1-768x1152.jpg 768w, https:\/\/eyecatchercreations.nl\/wp-content\/uploads\/2019\/04\/IMG_3218-1-555x833.jpg 555w, https:\/\/eyecatchercreations.nl\/wp-content\/uploads\/2019\/04\/IMG_3218-1.jpg 1181w\" sizes=\"(max-width: 682px) 100vw, 682px\" \/><\/figure><\/li><li class=\"blocks-gallery-item\"><figure><img loading=\"lazy\" width=\"682\" height=\"1024\" src=\"https:\/\/eyecatchercreations.nl\/wp-content\/uploads\/2019\/04\/IMG_3248-2-682x1024.jpg\" alt=\"\" data-id=\"2331\" data-link=\"https:\/\/eyecatchercreations.nl\/?attachment_id=2331\" class=\"wp-image-2331\" srcset=\"https:\/\/eyecatchercreations.nl\/wp-content\/uploads\/2019\/04\/IMG_3248-2-682x1024.jpg 682w, https:\/\/eyecatchercreations.nl\/wp-content\/uploads\/2019\/04\/IMG_3248-2-200x300.jpg 200w, https:\/\/eyecatchercreations.nl\/wp-content\/uploads\/2019\/04\/IMG_3248-2-768x1152.jpg 768w, https:\/\/eyecatchercreations.nl\/wp-content\/uploads\/2019\/04\/IMG_3248-2-555x833.jpg 555w, https:\/\/eyecatchercreations.nl\/wp-content\/uploads\/2019\/04\/IMG_3248-2.jpg 1181w\" sizes=\"(max-width: 682px) 100vw, 682px\" \/><\/figure><\/li><li class=\"blocks-gallery-item\"><figure><img loading=\"lazy\" width=\"682\" height=\"1024\" src=\"https:\/\/eyecatchercreations.nl\/wp-content\/uploads\/2019\/04\/IMG_3210-1-682x1024.jpg\" alt=\"\" data-id=\"2333\" data-link=\"https:\/\/eyecatchercreations.nl\/?attachment_id=2333\" class=\"wp-image-2333\" srcset=\"https:\/\/eyecatchercreations.nl\/wp-content\/uploads\/2019\/04\/IMG_3210-1-682x1024.jpg 682w, https:\/\/eyecatchercreations.nl\/wp-content\/uploads\/2019\/04\/IMG_3210-1-200x300.jpg 200w, https:\/\/eyecatchercreations.nl\/wp-content\/uploads\/2019\/04\/IMG_3210-1-768x1152.jpg 768w, https:\/\/eyecatchercreations.nl\/wp-content\/uploads\/2019\/04\/IMG_3210-1-555x833.jpg 555w, https:\/\/eyecatchercreations.nl\/wp-content\/uploads\/2019\/04\/IMG_3210-1.jpg 1181w\" sizes=\"(max-width: 682px) 100vw, 682px\" \/><\/figure><\/li><\/ul>\n\n\n\n<p style=\"text-align:center\" class=\"has-medium-font-size\">\n\n\n\n\n\n\n\n\n\n\n\n\n\n\n\n\n\nIch\nhabe verschiedene Acryl- und Effektfarben verwendet und auf unterschiedliche\nWeise aufgetragen, um einen besonderen Lichteffekt zu kreieren. So wie auf den\nFotos und Videos zu sehen ist, ver\u00e4ndert sich das Bild mit dem Wechsel der\nLichtverh\u00e4ltnisse. Alles was hierzu n\u00f6tig ist, ist ein LED Lichtband, welches\ndie Farbe wechseln kann. Eine passende Lichtquelle wird bei dem Kauf, von einer\nMalerei der Kategorie&#8221;Just another light&#8221;,selbstverst\u00e4ndlich\nmitgeliefert.Es ist unheimlich spannend zu sehen wie sich die Stimmung des\nBildes ver\u00e4ndert und so unterschiedliche Emotionen geweckt werden. So hat man\nein Kunstwerk, an dem man nicht einfach vorbei geht, sondern welches man auch\nf\u00fcr l\u00e4ngere Zeit betrachten und pr\u00e4sentieren kann ohne, dass es langweilig\nwird.\n\n\n\n<\/p>\n\n\n\n<ul class=\"wp-block-gallery aligncenter columns-2 is-cropped\"><li class=\"blocks-gallery-item\"><figure><img loading=\"lazy\" width=\"1024\" height=\"682\" src=\"https:\/\/eyecatchercreations.nl\/wp-content\/uploads\/2019\/04\/IMG_2081-1-1024x682.jpg\" alt=\"\" data-id=\"2280\" data-link=\"https:\/\/eyecatchercreations.nl\/?attachment_id=2280\" class=\"wp-image-2280\" srcset=\"https:\/\/eyecatchercreations.nl\/wp-content\/uploads\/2019\/04\/IMG_2081-1-1024x682.jpg 1024w, https:\/\/eyecatchercreations.nl\/wp-content\/uploads\/2019\/04\/IMG_2081-1-300x200.jpg 300w, https:\/\/eyecatchercreations.nl\/wp-content\/uploads\/2019\/04\/IMG_2081-1-768x512.jpg 768w, https:\/\/eyecatchercreations.nl\/wp-content\/uploads\/2019\/04\/IMG_2081-1-750x500.jpg 750w, https:\/\/eyecatchercreations.nl\/wp-content\/uploads\/2019\/04\/IMG_2081-1-555x370.jpg 555w, https:\/\/eyecatchercreations.nl\/wp-content\/uploads\/2019\/04\/IMG_2081-1.jpg 1772w\" sizes=\"(max-width: 1024px) 100vw, 1024px\" \/><\/figure><\/li><li class=\"blocks-gallery-item\"><figure><img loading=\"lazy\" width=\"1024\" height=\"682\" src=\"https:\/\/eyecatchercreations.nl\/wp-content\/uploads\/2019\/04\/IMG_1220-1-1024x682.jpg\" alt=\"\" data-id=\"2281\" data-link=\"https:\/\/eyecatchercreations.nl\/?attachment_id=2281\" class=\"wp-image-2281\" srcset=\"https:\/\/eyecatchercreations.nl\/wp-content\/uploads\/2019\/04\/IMG_1220-1-1024x682.jpg 1024w, https:\/\/eyecatchercreations.nl\/wp-content\/uploads\/2019\/04\/IMG_1220-1-300x200.jpg 300w, https:\/\/eyecatchercreations.nl\/wp-content\/uploads\/2019\/04\/IMG_1220-1-768x512.jpg 768w, https:\/\/eyecatchercreations.nl\/wp-content\/uploads\/2019\/04\/IMG_1220-1-750x500.jpg 750w, https:\/\/eyecatchercreations.nl\/wp-content\/uploads\/2019\/04\/IMG_1220-1-555x370.jpg 555w, https:\/\/eyecatchercreations.nl\/wp-content\/uploads\/2019\/04\/IMG_1220-1.jpg 1772w\" sizes=\"(max-width: 1024px) 100vw, 1024px\" \/><\/figure><\/li><\/ul>\n\n\n\n<p> <\/p>\n\n\n\n<p style=\"text-align:center\" class=\"has-medium-font-size\">Gef\u00e4llt dir ein Bild sehr, passt aber farblich nicht so ganz\nin dein Zimmer? Kein Problem. Auf Anfrage mache ich auch gerne einen Entwurf in\neiner anderen Farbkombination. <\/p>\n\n\n\n<p style=\"text-align:center\" class=\"has-medium-font-size\">Interesse? Dann freue ich mich schon auf deine Email. Gerne beantworte ich all deine Fragen! <\/p>\n\n\n\n<figure class=\"wp-block-video\"><video controls src=\"https:\/\/eyecatchercreations.nl\/wp-content\/uploads\/2019\/04\/Treoflife_Justanotherlight-26sek-IsabellH\u00f6lscher-2.mp4\"><\/video><figcaption>Tree of life &#8211; 80x100x5 cm<\/figcaption><\/figure>\n\n\n\n<figure class=\"wp-block-video\"><video controls src=\"https:\/\/eyecatchercreations.nl\/wp-content\/uploads\/2019\/04\/Riseup_Justanotherlight-23sek-IsabellH\u00f6lscher-2.mp4\"><\/video><figcaption>Rise up &#8211; 120x40x3 cm<\/figcaption><\/figure>\n\n\n\n<figure class=\"wp-block-video\"><video controls src=\"https:\/\/eyecatchercreations.nl\/wp-content\/uploads\/2019\/04\/Lion_Justanotherlight-IsabellH\u00f6lscher_33sek-1.mp4\"><\/video><figcaption>Lion Expression &#8211; 70x100x5 cm<\/figcaption><\/figure>\n\n\n\n<figure class=\"wp-block-video\"><video controls src=\"https:\/\/eyecatchercreations.nl\/wp-content\/uploads\/2019\/04\/Elephantexpression_Justanotherlight-27sek-IsabellH\u00f6lscher-2.mp4\"><\/video><figcaption>Elephant Expression &#8211; 70x100x5 cm<\/figcaption><\/figure>\n","protected":false},"excerpt":{"rendered":"<p>Ich habe verschiedene Acryl- und Effektfarben verwendet und auf unterschiedliche Weise aufgetragen, um einen besonderen Lichteffekt zu kreieren. So wie auf den Fotos und Videos zu sehen ist, ver\u00e4ndert sich das Bild mit dem Wechsel der Lichtverh\u00e4ltnisse. Alles was hierzu n\u00f6tig ist, ist ein LED Lichtband, welches die Farbe wechseln kann. Eine passende Lichtquelle wird [&hellip;]<\/p>\n","protected":false},"author":1,"featured_media":0,"parent":0,"menu_order":0,"comment_status":"closed","ping_status":"closed","template":"template-fullwidth.php","meta":[],"_links":{"self":[{"href":"https:\/\/eyecatchercreations.nl\/index.php?rest_route=\/wp\/v2\/pages\/2263"}],"collection":[{"href":"https:\/\/eyecatchercreations.nl\/index.php?rest_route=\/wp\/v2\/pages"}],"about":[{"href":"https:\/\/eyecatchercreations.nl\/index.php?rest_route=\/wp\/v2\/types\/page"}],"author":[{"embeddable":true,"href":"https:\/\/eyecatchercreations.nl\/index.php?rest_route=\/wp\/v2\/users\/1"}],"replies":[{"embeddable":true,"href":"https:\/\/eyecatchercreations.nl\/index.php?rest_route=%2Fwp%2Fv2%2Fcomments&post=2263"}],"version-history":[{"count":9,"href":"https:\/\/eyecatchercreations.nl\/index.php?rest_route=\/wp\/v2\/pages\/2263\/revisions"}],"predecessor-version":[{"id":2334,"href":"https:\/\/eyecatchercreations.nl\/index.php?rest_route=\/wp\/v2\/pages\/2263\/revisions\/2334"}],"wp:attachment":[{"href":"https:\/\/eyecatchercreations.nl\/index.php?rest_route=%2Fwp%2Fv2%2Fmedia&parent=2263"}],"curies":[{"name":"wp","href":"https:\/\/api.w.org\/{rel}","templated":true}]}}