{"id":16,"date":"2018-07-20T23:16:30","date_gmt":"2018-07-20T23:16:30","guid":{"rendered":"http:\/\/eyecatcher-art.nl\/?page_id=16"},"modified":"2020-04-25T20:16:30","modified_gmt":"2020-04-25T20:16:30","slug":"contact","status":"publish","type":"page","link":"https:\/\/eyecatchercreations.nl\/?page_id=16","title":{"rendered":"Kontakt"},"content":{"rendered":"<h4>Fragen, Bestellung oder Kommentare? Habe keine Hemmungen ich freue mich dar\u00fcber von dir zu h\u00f6ren.<\/h4>\n<p>Schick mir eine E-Mail unter:<\/p>\n<p>info@eyecatchercreations.nl<\/p>\n\n\n<h4>Oder nutze ganz einfach das Kontaktformular<\/h4>\n\n\n<div class=\"wpforms-container wpforms-container-full\" id=\"wpforms-2294\"><form id=\"wpforms-form-2294\" class=\"wpforms-validate wpforms-form\" data-formid=\"2294\" method=\"post\" enctype=\"multipart\/form-data\" action=\"\/index.php?rest_route=%2Fwp%2Fv2%2Fpages%2F16\"><div class=\"wpforms-field-container\"><div id=\"wpforms-2294-field_0-container\" class=\"wpforms-field wpforms-field-name\" data-field-id=\"0\"><label class=\"wpforms-field-label\" for=\"wpforms-2294-field_0\">Name <span class=\"wpforms-required-label\">*<\/span><\/label><div class=\"wpforms-field-row wpforms-field-medium\"><div class=\"wpforms-field-row-block wpforms-first wpforms-one-half\"><input type=\"text\" id=\"wpforms-2294-field_0\" class=\"wpforms-field-name-first wpforms-field-required\" name=\"wpforms[fields][0][first]\" required><label for=\"wpforms-2294-field_0\" class=\"wpforms-field-sublabel after \">Vorname<\/label><\/div><div class=\"wpforms-field-row-block wpforms-one-half\"><input type=\"text\" id=\"wpforms-2294-field_0-last\" class=\"wpforms-field-name-last wpforms-field-required\" name=\"wpforms[fields][0][last]\" required><label for=\"wpforms-2294-field_0-last\" class=\"wpforms-field-sublabel after \">Nachname<\/label><\/div><\/div><\/div><div id=\"wpforms-2294-field_1-container\" class=\"wpforms-field wpforms-field-email\" data-field-id=\"1\"><label class=\"wpforms-field-label\" for=\"wpforms-2294-field_1\">E-Mail <span class=\"wpforms-required-label\">*<\/span><\/label><input type=\"email\" id=\"wpforms-2294-field_1\" class=\"wpforms-field-medium wpforms-field-required\" name=\"wpforms[fields][1]\" required><\/div><div id=\"wpforms-2294-field_2-container\" class=\"wpforms-field wpforms-field-textarea\" data-field-id=\"2\"><label class=\"wpforms-field-label\" for=\"wpforms-2294-field_2\">Kommentar oder Nachricht <span class=\"wpforms-required-label\">*<\/span><\/label><textarea id=\"wpforms-2294-field_2\" class=\"wpforms-field-medium wpforms-field-required\" name=\"wpforms[fields][2]\" required><\/textarea><\/div><\/div><div class=\"wpforms-field wpforms-field-hp\"><label for=\"wpforms-field_hp\" class=\"wpforms-field-label\">Message<\/label><input type=\"text\" name=\"wpforms[hp]\" id=\"wpforms-field_hp\" class=\"wpforms-field-medium\"><\/div><div class=\"wpforms-submit-container\" ><input type=\"hidden\" name=\"wpforms[id]\" value=\"2294\"><input type=\"hidden\" name=\"wpforms[author]\" value=\"1\"><button type=\"submit\" name=\"wpforms[submit]\" class=\"wpforms-submit \" id=\"wpforms-submit-2294\" value=\"wpforms-submit\" data-alt-text=\"Senden...\">Absenden<\/button><\/div><\/form><\/div>\n\n\n<h4><br><\/h4>\n\n\n\n<p><\/p>\n\n\n\n<p>Isabell H\u00f6lscher &#8211; Eyecatcher Creations<\/p>\n\n\n\n<p>KVK-nummer: 74182277<\/p>\n\n\n\n<p>\nBTW-ID: NL002510811B88\n\n<\/p>\n\n\n<p><!--EndFragment--><\/p>\n<p><\/p>","protected":false},"excerpt":{"rendered":"<p>Fragen, Bestellung oder Kommentare? Habe keine Hemmungen ich freue mich dar\u00fcber von dir zu h\u00f6ren. Schick mir eine E-Mail unter: info@eyecatchercreations.nl Oder nutze ganz einfach das Kontaktformular Isabell H\u00f6lscher &#8211; Eyecatcher Creations KVK-nummer: 74182277 BTW-ID: NL002510811B88<\/p>\n","protected":false},"author":1,"featured_media":1772,"parent":0,"menu_order":0,"comment_status":"closed","ping_status":"closed","template":"template-contact.php","meta":[],"_links":{"self":[{"href":"https:\/\/eyecatchercreations.nl\/index.php?rest_route=\/wp\/v2\/pages\/16"}],"collection":[{"href":"https:\/\/eyecatchercreations.nl\/index.php?rest_route=\/wp\/v2\/pages"}],"about":[{"href":"https:\/\/eyecatchercreations.nl\/index.php?rest_route=\/wp\/v2\/types\/page"}],"author":[{"embeddable":true,"href":"https:\/\/eyecatchercreations.nl\/index.php?rest_route=\/wp\/v2\/users\/1"}],"replies":[{"embeddable":true,"href":"https:\/\/eyecatchercreations.nl\/index.php?rest_route=%2Fwp%2Fv2%2Fcomments&post=16"}],"version-history":[{"count":12,"href":"https:\/\/eyecatchercreations.nl\/index.php?rest_route=\/wp\/v2\/pages\/16\/revisions"}],"predecessor-version":[{"id":2825,"href":"https:\/\/eyecatchercreations.nl\/index.php?rest_route=\/wp\/v2\/pages\/16\/revisions\/2825"}],"wp:featuredmedia":[{"embeddable":true,"href":"https:\/\/eyecatchercreations.nl\/index.php?rest_route=\/wp\/v2\/media\/1772"}],"wp:attachment":[{"href":"https:\/\/eyecatchercreations.nl\/index.php?rest_route=%2Fwp%2Fv2%2Fmedia&parent=16"}],"curies":[{"name":"wp","href":"https:\/\/api.w.org\/{rel}","templated":true}]}}