{"id":1425,"date":"2019-01-24T18:09:49","date_gmt":"2019-01-24T18:09:49","guid":{"rendered":"https:\/\/eyecatcher-art.nl\/?page_id=1425"},"modified":"2019-08-19T10:01:16","modified_gmt":"2019-08-19T10:01:16","slug":"start-3","status":"publish","type":"page","link":"https:\/\/eyecatchercreations.nl\/?page_id=1425","title":{"rendered":"Start"},"content":{"rendered":"\n<p style=\"text-align:center\" class=\"has-large-font-size\"><strong>Mission und Vision<\/strong><\/p>\n\n\n\n<p style=\"text-align:center\" class=\"has-medium-font-size\">Eyecatcher Creations dr\u00fcckt Kreativit\u00e4t in Bildern auf\nLeinwand oder in Ton f\u00fcr den &#8220;Bildleser&#8221; aus: Bilder entstehen aus\nder Vorstellungskraft, oft aus dem Mysterium von Emotion und Gef\u00fchl heraus.\nEine Verbindung zu dieser Fantasie kann nur von denen gef\u00fchlt werden, die diese\nEmpfindung mitmachen; das geschaffene Bild wird gelesen und gef\u00fchlt und gibt\ndem Raum Substanz und l\u00e4sst die Zeit im Bild still stehen. Mit dieser Vision\nhofft die EC, diejenigen zu erreichen, die ihre Vorstellungskraft konkret haben\nm\u00f6chten. <\/p>\n\n\n\n<p style=\"text-align:center\" class=\"has-medium-font-size\">Fantasie und Kreativit\u00e4t gehen Hand in Hand. Hierbei geht es\num Vorstellungsverm\u00f6gen. Das Vorstellen von dem was sein k\u00f6nnte. Sei es\nverborgen in einer wei\u00dfen Leinwand oder in einem St\u00fcck Modeliermasse.<\/p>\n\n\n\n<p style=\"text-align:center\" class=\"has-large-font-size\">Die n\u00e4chste Stufe der Kreativit\u00e4t.<\/p>\n\n\n\n<p style=\"text-align:center\" class=\"has-medium-font-size\">Das Umsetzen der Vision oder der Idee. Den Rest der Welt\nnicht nur sehen, sondern auch f\u00fchlen zu lassen, was mich als K\u00fcnstler bewegt\nhat. Eine Stimmung zu erzeugen, die den Betrachter gl\u00fccklich macht oder in eine\nmysteri\u00f6se Welt f\u00fchrt.\n\nMit kr\u00e4ftigen Farben, spannenden Kontrasten und auch\nLicht m\u00f6chte ich dich mitnehmen in die unbegrenzte Welt der Kunst und\nKreativit\u00e4t.\n\n\n\n<\/p>\n\n\n\n<figure class=\"wp-block-video aligncenter\"><video controls src=\"https:\/\/eyecatchercreations.nl\/wp-content\/uploads\/2019\/04\/HowTo_TreeofLife-158-IsabellH\u00f6lscher-WEBSITE-1.mp4\"><\/video><\/figure>\n","protected":false},"excerpt":{"rendered":"<p>Mission und Vision Eyecatcher Creations dr\u00fcckt Kreativit\u00e4t in Bildern auf Leinwand oder in Ton f\u00fcr den &#8220;Bildleser&#8221; aus: Bilder entstehen aus der Vorstellungskraft, oft aus dem Mysterium von Emotion und Gef\u00fchl heraus. Eine Verbindung zu dieser Fantasie kann nur von denen gef\u00fchlt werden, die diese Empfindung mitmachen; das geschaffene Bild wird gelesen und gef\u00fchlt und [&hellip;]<\/p>\n","protected":false},"author":1,"featured_media":0,"parent":0,"menu_order":0,"comment_status":"closed","ping_status":"closed","template":"template-fullwidth.php","meta":[],"_links":{"self":[{"href":"https:\/\/eyecatchercreations.nl\/index.php?rest_route=\/wp\/v2\/pages\/1425"}],"collection":[{"href":"https:\/\/eyecatchercreations.nl\/index.php?rest_route=\/wp\/v2\/pages"}],"about":[{"href":"https:\/\/eyecatchercreations.nl\/index.php?rest_route=\/wp\/v2\/types\/page"}],"author":[{"embeddable":true,"href":"https:\/\/eyecatchercreations.nl\/index.php?rest_route=\/wp\/v2\/users\/1"}],"replies":[{"embeddable":true,"href":"https:\/\/eyecatchercreations.nl\/index.php?rest_route=%2Fwp%2Fv2%2Fcomments&post=1425"}],"version-history":[{"count":13,"href":"https:\/\/eyecatchercreations.nl\/index.php?rest_route=\/wp\/v2\/pages\/1425\/revisions"}],"predecessor-version":[{"id":2492,"href":"https:\/\/eyecatchercreations.nl\/index.php?rest_route=\/wp\/v2\/pages\/1425\/revisions\/2492"}],"wp:attachment":[{"href":"https:\/\/eyecatchercreations.nl\/index.php?rest_route=%2Fwp%2Fv2%2Fmedia&parent=1425"}],"curies":[{"name":"wp","href":"https:\/\/api.w.org\/{rel}","templated":true}]}}